{"id":934,"date":"2025-03-18T13:13:59","date_gmt":"2025-03-18T13:13:59","guid":{"rendered":"https:\/\/bcircular.lu\/b-circular\/"},"modified":"2026-01-19T15:04:04","modified_gmt":"2026-01-19T15:04:04","slug":"b-circular","status":"publish","type":"page","link":"https:\/\/bcircular.lu\/de\/b-circular\/","title":{"rendered":"b.circular"},"content":{"rendered":"\n<div class=\"blocPB\">\n    <div class=\"wrapper\">\n        <div class=\"row stretch-xs\">\n            <div class=\"col-xs-12 col-md-6 reveal reveal-visible-1 blocPB-text\">\n                                    <h1 class=\"bloc-title\"><p>Ihre nationale Plattform f\u00fcr eine nachhaltige und zirkul\u00e4re Beschaffung!<\/p>\n<\/h1>\n                                \n                                    <div class=\"bloc-txt is-inset-bottom-120\"><p>b.circular, entwickelt von Klima-Agence, ist die nationale Plattform, die Ihre Beschaffungspraktiken transformiert, indem sie Nachhaltigkeit und Kreislaufwirtschaft in den Mittelpunkt jeder Entscheidung stellt.<\/p>\n<p>Konzipiert f\u00fcr Gemeinden, Unternehmen und Privatpersonen, bietet b.circular Zugang zu vielf\u00e4ltigen Informationen, die es Ihnen erm\u00f6glichen, die Prinzipien der Nachhaltigkeit und der Kreislaufwirtschaft effektiv und systematisch in Ihre t\u00e4glichen Beschaffungsprozesse zu integrieren.<\/p>\n<p>Durch den Fokus auf eine reduzierte Umweltbelastung sowie eine effizientere Ressourcennutzung hilft b.circular, fundierte und verantwortungsbewusste Entscheidungen zu treffen und tr\u00e4gt so aktiv zur Gestaltung einer nachhaltigeren und umweltfreundlicheren Zukunft bei.<\/p>\n<\/div>\n                \n                \n            <\/div>\n\n            <div class=\"col-xs-12 col-md-6 reveal reveal-visible-2 is-hidden-mobile\">\n            \n                <div class=\"blocPB-bcircular\">\n                    \n                                            <div class=\"blocPB-valeurs row\">\n                                                            <div class=\"blocPB-valeur col-xs-12 \">\n                                    <div class=\"blocPB-valeur-title\">F\u00fcr Gemeinden<\/div>\n                                    <div class=\"blocPB-valeur-txt\"><p><strong>M\u00f6chten Sie mehr \u00fcber dieses Thema im Kontext der Gemeinden erfahren ?<\/strong><br \/>\n<a href=\"https:\/\/pacteclimat.lu\/de\/engagierter-akteur\/umsetzunghilfe\/interne-organisation\/beschaffungswesen\" target=\"_blank\" rel=\"noopener\">\u203a Entdecken Sie die entsprechende Ma\u00dfnahme im Bereich \u00f6ffentliche Beschaffung in unserem Klimapakt-Ma\u00dfnahmenkatalog.<\/a><\/p>\n<\/div>\n                                <\/div>\n                                                            <div class=\"blocPB-valeur col-xs-12 \">\n                                    <div class=\"blocPB-valeur-title\">F\u00fcr Unternehmen<\/div>\n                                    <div class=\"blocPB-valeur-txt\"><p><strong>Arbeiten Sie in einem Unternehmen und interessieren sich f\u00fcr die interne Umsetzung einer nachhaltigen und zirkul\u00e4ren Beschaffung?<\/strong><br \/>\n<a href=\"https:\/\/www.klimapaktfirbetriber.lu\/de\/massnahmen\/realiser-des-achats-durables-et-circulaires\/\" target=\"_blank\" rel=\"noopener\">\u203a Entdecken Sie die entsprechende Ma\u00dfnahme im Zusammenhang mit der Initiative \u201eKlimapakt fir Betriber\u201c. <\/a><\/p>\n<\/div>\n                                <\/div>\n                                                    <\/div>\n                                        <img decoding=\"async\" src=\"https:\/\/bcircular.lu\/wp-content\/themes\/bcircular\/elements\/vector\/bcircular-top.svg\" alt=\"bcircular-top\">\n                <\/div>\n            <\/div>\n        <\/div>\n    <\/div>\n<\/div>\n\n<div class=\"blocPB-bottom\">\n    <div class=\"wrapper\">\n        <div class=\"row\">\n            <div class=\"col-xs-12 col-md-6 reveal reveal-visible-1\">\n                <div class=\"blocPB-media\">\n                    <iframe loading=\"lazy\" title=\"b.circular - Guide d&#039;utilisation\" width=\"640\" height=\"360\" src=\"https:\/\/www.youtube.com\/embed\/7H_kiQakjI8?feature=oembed&#038;autoplay=0&#038;controls=1&#038;hd=1&#038;autohide=0&#038;mute=1&#038;loop=1&#038;disablekb=1&#038;fs=0&#038;modestbranding=0&#038;showinfo=0&#038;color=white&#038;theme=light&#038;rel=0\" frameborder=\"0\" allow=\"accelerometer; autoplay; clipboard-write; encrypted-media; gyroscope; picture-in-picture; web-share\" referrerpolicy=\"strict-origin-when-cross-origin\" allowfullscreen frameborder=\"0\"><\/iframe>                <\/div>\n\n                                    <a href=\"https:\/\/bcircular.lu\/approvisionnement\/\" class=\"button is-tertiary is-outset-top-32\" target=\"\">\n                        <i class=\"ico ico-arrow-left\"><\/i> Werden Sie jetzt aktiv                    <\/a>\n                            <\/div>\n\n            <div class=\"col-xs-12 col-md-6 reveal reveal-visible-2 is-hidden-mobile\">\n                <div class=\"blocPB-bottom-bcircular\">\n                    <img decoding=\"async\" src=\"https:\/\/bcircular.lu\/wp-content\/themes\/bcircular\/elements\/vector\/bcircular-bottom.svg\" alt=\"bcircular-bottom\">\n                <\/div>\n            <\/div>\n        <\/div>\n    <\/div>\n<\/div>\n<div class=\"blocPB-objectifs\">\n        <div class=\"row\">\n            <div class=\"col-xs-12\">\n                                    <h3 class=\"bloc-subtitle is-inset-bottom-20 reveal reveal-visible-1\">Ziele der Plattform<\/h3>\n                \n                                    <ol class=\"blocPB-objectifs-valeurs row\">\n                                                    <li class=\"blocPB-objectifs-valeur col-xs-12 col-md-4 is-inset-bottom-16 reveal reveal-visible-1\">\n                                                                    <div class=\"blocPB-objectifs-valeur-title\">\n                                        Sensibilisierung                                    <\/div>\n                                                                                                    <div class=\"blocPB-objectifs-valeur-txt\">\n                                        <p>Steigern Sie das Bewusstsein f\u00fcr nachhaltige Beschaffung. Die Plattform bietet Ihnen einen \u00dcberblick \u00fcber zentrale Kriterien, anerkannte Umweltzeichen und nachhaltige Alternativen f\u00fcr verschiedene Produktkategorien. So k\u00f6nnen Sie fundierte Entscheidungen treffen und aktiv zu einer umweltfreundlicheren Zukunft beitragen.<\/p>\n                                    <\/div>\n                                                            <\/li>\n                                                    <li class=\"blocPB-objectifs-valeur col-xs-12 col-md-4 is-inset-bottom-16 reveal reveal-visible-2\">\n                                                                    <div class=\"blocPB-objectifs-valeur-title\">\n                                        Unterst\u00fctzung im Beschaffungsprozess                                    <\/div>\n                                                                                                    <div class=\"blocPB-objectifs-valeur-txt\">\n                                        <p>Vereinfachung der Auswahl verantwortungsvoller L\u00f6sungen. Durch anpassbare Filter hilft sie Ihnen, Ihre Priorit\u00e4ten festzulegen, verf\u00fcgbare Optionen effizient zu vergleichen und relevante Informationen zu teilen. So wird der Beschaffungsprozess transparenter und nachhaltiger gestaltet.<\/p>\n                                    <\/div>\n                                                            <\/li>\n                                                    <li class=\"blocPB-objectifs-valeur col-xs-12 col-md-4 is-inset-bottom-16 reveal reveal-visible-3\">\n                                                                    <div class=\"blocPB-objectifs-valeur-title\">\n                                        Harmonisierte Kommunikation                                    <\/div>\n                                                                                                    <div class=\"blocPB-objectifs-valeur-txt\">\n                                        <p>F\u00f6rderung einer gemeinsamen Sprache und einer geteilten Vision unter allen Beteiligten. Sie unterst\u00fctzt den Austausch bew\u00e4hrter Praktiken und tr\u00e4gt zur Etablierung einer nachhaltigen und zirkul\u00e4ren Beschaffungskultur auf nationaler Ebene bei, unter Ber\u00fccksichtigung der spezifischen Gegebenheiten in Luxemburg.<\/p>\n                                    <\/div>\n                                                            <\/li>\n                                            <\/ol>\n                            <\/div>\n        <\/div>\n<\/div>\n","protected":false},"excerpt":{"rendered":"","protected":false},"author":1,"featured_media":0,"parent":0,"menu_order":0,"comment_status":"closed","ping_status":"closed","template":"","meta":{"_acf_changed":false,"footnotes":""},"class_list":["post-934","page","type-page","status-publish","hentry"],"acf":[],"_links":{"self":[{"href":"https:\/\/bcircular.lu\/de\/wp-json\/wp\/v2\/pages\/934","targetHints":{"allow":["GET"]}}],"collection":[{"href":"https:\/\/bcircular.lu\/de\/wp-json\/wp\/v2\/pages"}],"about":[{"href":"https:\/\/bcircular.lu\/de\/wp-json\/wp\/v2\/types\/page"}],"author":[{"embeddable":true,"href":"https:\/\/bcircular.lu\/de\/wp-json\/wp\/v2\/users\/1"}],"replies":[{"embeddable":true,"href":"https:\/\/bcircular.lu\/de\/wp-json\/wp\/v2\/comments?post=934"}],"version-history":[{"count":7,"href":"https:\/\/bcircular.lu\/de\/wp-json\/wp\/v2\/pages\/934\/revisions"}],"predecessor-version":[{"id":4349,"href":"https:\/\/bcircular.lu\/de\/wp-json\/wp\/v2\/pages\/934\/revisions\/4349"}],"wp:attachment":[{"href":"https:\/\/bcircular.lu\/de\/wp-json\/wp\/v2\/media?parent=934"}],"curies":[{"name":"wp","href":"https:\/\/api.w.org\/{rel}","templated":true}]}}