{"id":926,"date":"2025-03-11T14:34:57","date_gmt":"2025-03-11T14:34:57","guid":{"rendered":"https:\/\/bcircular.lu\/accueil\/"},"modified":"2025-12-18T12:37:24","modified_gmt":"2025-12-18T12:37:24","slug":"accueil","status":"publish","type":"page","link":"https:\/\/bcircular.lu\/de\/","title":{"rendered":"Accueil"},"content":{"rendered":"\n<section class=\"bloc-video bloc-video-homepage\">\n    <div class=\"wrapper\">\n        <div class=\"row\">\n                            <div class=\"col-xs-12 col-md-8 col-md-offset-2 center-xs is-inset-bottom-32\">\n                    <h3 class=\"bloc-video-title\">b.circular: Wie funktioniert das?<\/h3>\n                    <div class=\"bloc-video-txt\"><p>Entdecken Sie b.circular und erfahren Sie, wie unsere Plattform Ihre nachhaltige und zirkul\u00e4re Beschaffung vereinfacht. <\/p>\n<\/div>\n                <\/div>\n                        <div class=\"col-xs-12 col-md-8 col-md-offset-2\">\n                <div class=\"bloc-video-container\">          \n                                            <iframe loading=\"lazy\" title=\"b.circular - Guide d&#039;utilisation\" width=\"640\" height=\"360\" src=\"https:\/\/www.youtube.com\/embed\/7H_kiQakjI8?feature=oembed&#038;autoplay=0&#038;controls=1&#038;hd=1&#038;autohide=0&#038;mute=1&#038;loop=1&#038;disablekb=1&#038;fs=0&#038;modestbranding=0&#038;showinfo=0&#038;color=white&#038;theme=light&#038;rel=0\" frameborder=\"0\" allow=\"accelerometer; autoplay; clipboard-write; encrypted-media; gyroscope; picture-in-picture; web-share\" referrerpolicy=\"strict-origin-when-cross-origin\" allowfullscreen frameborder=\"0\"><\/iframe>                        \n                                                        <\/div>\n            <\/div>\n        <\/div>\n    <\/div>\n<\/section>\n\n\n<div class=\"bloc-article is-inset-y-60\">\n\n\n\t<div class=\"wrapper\">\n\t\t<div class=\"row\">\n\t\t\t<div class=\"col-xs-12 is-inset-bottom-20 bloc-article-title center-xsreveal reveal-visible-1\">\n\t\t\t\t<h3><p>Aktuelles<\/p>\n<\/h3>\n\t\t\t<\/div>\n\t\t<\/div>\n\t\t<div class=\"row\">\n\n\t\t\n<div class=\"col-xs-12 col-md-4 is-inset-bottom-32 reveal reveal-visible-1\">\n\t<div class=\"box-row article-item\">\n\t\t<div class=\"article-item-thumbnail\">\n\t\t\t<img decoding=\"async\" src=\"https:\/\/bcircular.lu\/wp-content\/uploads\/2025\/12\/Lancement-b.circular.jpg\" alt=\"b.circular erweitert sein Angebot auf drei neue Produktkategorien\">\n\t\t<\/div>\n\t\t\n\t\t\t\t\t<div class=\"article-item-categories\">\n\t\t\t\t\t\t\t\t\t\t\t\t\t\t\t<div class=\"article-item-category label-item label-news\">\n\t\t\t\t\t\t\t<span>News<\/span>\n\t\t\t\t\t\t<\/div>\n\t\t\t\t\t\t\t\t\t\t\t\t<\/div>\n\t\t\n\t\t<div class=\"article-item-content\">\n\t\t\t<div class=\"article-item-date\">18 Dezember 2025<\/div>\n\t\t\t\t<h4 class=\"article-item-title is-inset-bottom-20\">b.circular erweitert sein Angebot auf drei neue Produktkategorien<\/h4>\n\t\t\t\t<span class=\"article-item-text\">Die Plattform b.circular entwickelt sich kontinuierlich weiter, um \u00f6ffentliche und&#8230;<\/span>\n\t\t\t\t<div class=\"article-item-link is-inset-top-20\">\n\t\t\t\t\t<a href=\"https:\/\/bcircular.lu\/de\/b-circular-erweitert-sein-angebot-auf-drei-neue-produktkategorien\/\" class=\"button is-secondary\"><i class=\"ico ico-arrow-left\"><\/i>Weiterlesen<\/a>\n\t\t\t\t<\/div>\n\t\t<\/div>\n\t<\/div>\n<\/div>\n<div class=\"col-xs-12 col-md-4 is-inset-bottom-32 reveal reveal-visible-1\">\n\t<div class=\"box-row article-item\">\n\t\t<div class=\"article-item-thumbnail\">\n\t\t\t<img decoding=\"async\" src=\"https:\/\/bcircular.lu\/wp-content\/uploads\/2025\/05\/Lancement-b.circular-min.png\" alt=\"b.circular \u2013 Neue Plattform f\u00fcr nachhaltige und zirkul\u00e4re Beschaffung\">\n\t\t<\/div>\n\t\t\n\t\t\t\t\t<div class=\"article-item-categories\">\n\t\t\t\t\t\t\t\t\t\t\t\t\t\t\t<div class=\"article-item-category label-item label-news\">\n\t\t\t\t\t\t\t<span>News<\/span>\n\t\t\t\t\t\t<\/div>\n\t\t\t\t\t\t\t\t\t\t\t\t<\/div>\n\t\t\n\t\t<div class=\"article-item-content\">\n\t\t\t<div class=\"article-item-date\">28 Mai 2025<\/div>\n\t\t\t\t<h4 class=\"article-item-title is-inset-bottom-20\">b.circular \u2013 Neue Plattform f\u00fcr nachhaltige und zirkul\u00e4re Beschaffung<\/h4>\n\t\t\t\t<span class=\"article-item-text\">b.circular vereinfacht nachhaltige Beschaffung in Luxemburg durch \u00f6kologische, soziale und zirkul\u00e4re Kriterien und tr\u00e4gt so zu einer verantwortungsvolleren Wirtschaft bei.<\/span>\n\t\t\t\t<div class=\"article-item-link is-inset-top-20\">\n\t\t\t\t\t<a href=\"https:\/\/bcircular.lu\/de\/b-circular-nouvelle-plateforme-pour-les-approvisionnements-durables-et-circulaires\/\" class=\"button is-secondary\"><i class=\"ico ico-arrow-left\"><\/i>Weiterlesen<\/a>\n\t\t\t\t<\/div>\n\t\t<\/div>\n\t<\/div>\n<\/div>\n\t\t<\/div>\n    \t<div class=\"row\">\n\t\t\t<div class=\"col-xs-12 bloc-article-button center-xs is-inset-top-32 reveal reveal-visible-2\">\n\t\t\t\t<a href=\"https:\/\/bcircular.lu\/de\/news-actualites\/\" class=\"button\"> Weitere Beitr\u00e4ge <\/a>\n\t\t\t<\/div>\n\t\t<\/div>\n\t<\/div>\n\n<\/div>","protected":false},"excerpt":{"rendered":"","protected":false},"author":1,"featured_media":0,"parent":0,"menu_order":0,"comment_status":"closed","ping_status":"closed","template":"","meta":{"_acf_changed":false,"footnotes":""},"class_list":["post-926","page","type-page","status-publish","hentry"],"acf":[],"_links":{"self":[{"href":"https:\/\/bcircular.lu\/de\/wp-json\/wp\/v2\/pages\/926","targetHints":{"allow":["GET"]}}],"collection":[{"href":"https:\/\/bcircular.lu\/de\/wp-json\/wp\/v2\/pages"}],"about":[{"href":"https:\/\/bcircular.lu\/de\/wp-json\/wp\/v2\/types\/page"}],"author":[{"embeddable":true,"href":"https:\/\/bcircular.lu\/de\/wp-json\/wp\/v2\/users\/1"}],"replies":[{"embeddable":true,"href":"https:\/\/bcircular.lu\/de\/wp-json\/wp\/v2\/comments?post=926"}],"version-history":[{"count":11,"href":"https:\/\/bcircular.lu\/de\/wp-json\/wp\/v2\/pages\/926\/revisions"}],"predecessor-version":[{"id":4330,"href":"https:\/\/bcircular.lu\/de\/wp-json\/wp\/v2\/pages\/926\/revisions\/4330"}],"wp:attachment":[{"href":"https:\/\/bcircular.lu\/de\/wp-json\/wp\/v2\/media?parent=926"}],"curies":[{"name":"wp","href":"https:\/\/api.w.org\/{rel}","templated":true}]}}